{"id":17894,"date":"2023-12-12T11:03:14","date_gmt":"2023-12-12T10:03:14","guid":{"rendered":"https:\/\/motosminorca.com\/?page_id=17894"},"modified":"2024-03-15T11:41:09","modified_gmt":"2024-03-15T10:41:09","slug":"alquilar-moto-menorca-mahon","status":"publish","type":"page","link":"https:\/\/motosminorca.com\/it_it\/alquilar-moto-menorca-mahon\/","title":{"rendered":"ES &#8211; Contacto Mahon"},"content":{"rendered":"<div data-elementor-type=\"wp-page\" data-elementor-id=\"17894\" class=\"elementor elementor-17894\">\n\t\t\t\t\t\t<section class=\"elementor-section elementor-top-section elementor-element elementor-element-fc89b5c elementor-section-height-min-height elementor-section-full_width elementor-section-height-default elementor-section-items-middle\" data-id=\"fc89b5c\" data-element_type=\"section\" data-settings=\"{&quot;background_background&quot;:&quot;slideshow&quot;,&quot;background_slideshow_gallery&quot;:[{&quot;id&quot;:18347,&quot;url&quot;:&quot;https:\\\/\\\/motosminorca.com\\\/wp-content\\\/uploads\\\/2023\\\/12\\\/steep-cliffs-and-blue-sea-on-menorca-spain-2023-11-27-05-27-42-utc.jpg&quot;},{&quot;id&quot;:18330,&quot;url&quot;:&quot;https:\\\/\\\/motosminorca.com\\\/wp-content\\\/uploads\\\/2023\\\/12\\\/beautiful-shot-of-the-artrutx-lighthouse-in-menorc-2023-11-27-05-01-00-utc.jpg&quot;},{&quot;id&quot;:17565,&quot;url&quot;:&quot;https:\\\/\\\/motosminorca.com\\\/wp-content\\\/uploads\\\/2023\\\/12\\\/coast-landscape-in-menorca-2022-03-04-06-06-57-utc-scaled.jpg&quot;},{&quot;id&quot;:18354,&quot;url&quot;:&quot;https:\\\/\\\/motosminorca.com\\\/wp-content\\\/uploads\\\/2023\\\/12\\\/view-of-menorca-island-landscape-from-el-toro-moun-2023-11-27-05-11-42-utc.jpg&quot;}],&quot;background_slideshow_ken_burns&quot;:&quot;yes&quot;,&quot;background_slideshow_loop&quot;:&quot;yes&quot;,&quot;background_slideshow_slide_duration&quot;:5000,&quot;background_slideshow_slide_transition&quot;:&quot;fade&quot;,&quot;background_slideshow_transition_duration&quot;:500,&quot;background_slideshow_ken_burns_zoom_direction&quot;:&quot;in&quot;}\">\n\t\t\t\t\t\t<div class=\"elementor-container elementor-column-gap-default\">\n\t\t\t\t\t<div class=\"elementor-column elementor-col-100 elementor-top-column elementor-element elementor-element-5817f74\" data-id=\"5817f74\" data-element_type=\"column\">\n\t\t\t<div class=\"elementor-widget-wrap elementor-element-populated\">\n\t\t\t\t\t\t<div class=\"elementor-element elementor-element-dc009af elementor-widget elementor-widget-heading\" data-id=\"dc009af\" data-element_type=\"widget\" data-widget_type=\"heading.default\">\n\t\t\t\t<div class=\"elementor-widget-container\">\n\t\t\t<style>\/*! elementor - v3.19.0 - 07-02-2024 *\/\n.elementor-heading-title{padding:0;margin:0;line-height:1}.elementor-widget-heading .elementor-heading-title[class*=elementor-size-]>a{color:inherit;font-size:inherit;line-height:inherit}.elementor-widget-heading .elementor-heading-title.elementor-size-small{font-size:15px}.elementor-widget-heading .elementor-heading-title.elementor-size-medium{font-size:19px}.elementor-widget-heading .elementor-heading-title.elementor-size-large{font-size:29px}.elementor-widget-heading .elementor-heading-title.elementor-size-xl{font-size:39px}.elementor-widget-heading .elementor-heading-title.elementor-size-xxl{font-size:59px}<\/style><h2 class=\"elementor-heading-title elementor-size-default\">Mahon - Alquila tu moto en Menorca <\/h2>\t\t<\/div>\n\t\t\t\t<\/div>\n\t\t\t\t<div class=\"elementor-element elementor-element-3e92b17 elementor-widget elementor-widget-text-editor\" data-id=\"3e92b17\" data-element_type=\"widget\" data-widget_type=\"text-editor.default\">\n\t\t\t\t<div class=\"elementor-widget-container\">\n\t\t\t<style>\/*! elementor - v3.19.0 - 07-02-2024 *\/\n.elementor-widget-text-editor.elementor-drop-cap-view-stacked .elementor-drop-cap{background-color:#69727d;color:#fff}.elementor-widget-text-editor.elementor-drop-cap-view-framed .elementor-drop-cap{color:#69727d;border:3px solid;background-color:transparent}.elementor-widget-text-editor:not(.elementor-drop-cap-view-default) .elementor-drop-cap{margin-top:8px}.elementor-widget-text-editor:not(.elementor-drop-cap-view-default) .elementor-drop-cap-letter{width:1em;height:1em}.elementor-widget-text-editor .elementor-drop-cap{float:left;text-align:center;line-height:1;font-size:50px}.elementor-widget-text-editor .elementor-drop-cap-letter{display:inline-block}<\/style>\t\t\t\t<p>Si tienes m\u00e1s dudas, llam\u00e1nos y te ayudaremos!<\/p>\t\t\t\t\t\t<\/div>\n\t\t\t\t<\/div>\n\t\t\t\t\t<\/div>\n\t\t<\/div>\n\t\t\t\t\t<\/div>\n\t\t<\/section>\n\t\t\t\t<section class=\"elementor-section elementor-top-section elementor-element elementor-element-f0be889 elementor-section-full_width elementor-section-height-default elementor-section-height-default\" data-id=\"f0be889\" data-element_type=\"section\">\n\t\t\t\t\t\t<div class=\"elementor-container elementor-column-gap-default\">\n\t\t\t\t\t<div class=\"elementor-column elementor-col-100 elementor-top-column elementor-element elementor-element-7a4c56d\" data-id=\"7a4c56d\" data-element_type=\"column\">\n\t\t\t<div class=\"elementor-widget-wrap elementor-element-populated\">\n\t\t\t\t\t\t<div class=\"elementor-element elementor-element-6b259e5 elementor-widget elementor-widget-google_maps\" data-id=\"6b259e5\" data-element_type=\"widget\" data-widget_type=\"google_maps.default\">\n\t\t\t\t<div class=\"elementor-widget-container\">\n\t\t\t<style>\/*! elementor - v3.19.0 - 07-02-2024 *\/\n.elementor-widget-google_maps .elementor-widget-container{overflow:hidden}.elementor-widget-google_maps .elementor-custom-embed{line-height:0}.elementor-widget-google_maps iframe{height:300px}<\/style>\t\t<div class=\"elementor-custom-embed\">\n\t\t\t<iframe class=\"lazyload\" loading=\"lazy\"\n\t\t\t\t\tsrc=\"https:\/\/maps.google.com\/maps?q=Carrer%20de%20sa%20Bijuteria%2C%203a%20%2007720%20Ma%C3%B3-Mah%C3%B3n%20Illes%20Balears&#038;t=m&#038;z=17&#038;output=embed&#038;iwloc=near\"\n\t\t\t\t\ttitle=\"Carrer de sa Bijuteria, 3a  07720 Ma\u00f3-Mah\u00f3n Illes Balears\"\n\t\t\t\t\taria-label=\"Carrer de sa Bijuteria, 3a  07720 Ma\u00f3-Mah\u00f3n Illes Balears\"\n\t\t\t><\/iframe>\n\t\t<\/div>\n\t\t\t\t<\/div>\n\t\t\t\t<\/div>\n\t\t\t\t\t<\/div>\n\t\t<\/div>\n\t\t\t\t\t<\/div>\n\t\t<\/section>\n\t\t\t\t<section class=\"elementor-section elementor-top-section elementor-element elementor-element-eda24d7 elementor-section-boxed elementor-section-height-default elementor-section-height-default\" data-id=\"eda24d7\" data-element_type=\"section\" data-settings=\"{&quot;background_background&quot;:&quot;classic&quot;}\">\n\t\t\t\t\t\t<div class=\"elementor-container elementor-column-gap-default\">\n\t\t\t\t\t<div class=\"elementor-column elementor-col-50 elementor-top-column elementor-element elementor-element-a83d2f2\" data-id=\"a83d2f2\" data-element_type=\"column\">\n\t\t\t<div class=\"elementor-widget-wrap\">\n\t\t\t\t\t\t\t<\/div>\n\t\t<\/div>\n\t\t\t\t<div class=\"elementor-column elementor-col-50 elementor-top-column elementor-element elementor-element-e46b3d9\" data-id=\"e46b3d9\" data-element_type=\"column\" data-settings=\"{&quot;background_background&quot;:&quot;classic&quot;}\">\n\t\t\t<div class=\"elementor-widget-wrap elementor-element-populated\">\n\t\t\t\t\t\t<div class=\"elementor-element elementor-element-dfb9f63 elementor-widget elementor-widget-heading\" data-id=\"dfb9f63\" data-element_type=\"widget\" data-widget_type=\"heading.default\">\n\t\t\t\t<div class=\"elementor-widget-container\">\n\t\t\t<h2 class=\"elementor-heading-title elementor-size-default\">Alquilar moto menorca MA\u00d3-MAHON<\/h2>\t\t<\/div>\n\t\t\t\t<\/div>\n\t\t\t\t<div class=\"elementor-element elementor-element-92c8a96 elementor-widget elementor-widget-text-editor\" data-id=\"92c8a96\" data-element_type=\"widget\" data-widget_type=\"text-editor.default\">\n\t\t\t\t<div class=\"elementor-widget-container\">\n\t\t\t\t\t\t\t<p>Carrer de Bijuteria, 3A \u00a0Ma\u00f3-Mahon, Menorca<\/p><p><strong>Tel\u00e9fono de contacto<\/strong>: 648 878 856 \u00a0\u00f3 \u00a0679 314 721<\/p><p><strong>Emai<\/strong>l: info@motosminorca.com<\/p><p><strong>Disponibilidad incidencias<\/strong>: 24h \/ 7 dias.<\/p>\t\t\t\t\t\t<\/div>\n\t\t\t\t<\/div>\n\t\t\t\t<div class=\"elementor-element elementor-element-6256c1e elementor-widget elementor-widget-heading\" data-id=\"6256c1e\" data-element_type=\"widget\" data-widget_type=\"heading.default\">\n\t\t\t\t<div class=\"elementor-widget-container\">\n\t\t\t<h2 class=\"elementor-heading-title elementor-size-default\">Formulario de contacto<\/h2>\t\t<\/div>\n\t\t\t\t<\/div>\n\t\t\t\t<div class=\"elementor-element elementor-element-7f81c3a elementor-button-align-stretch elementor-widget elementor-widget-form\" data-id=\"7f81c3a\" data-element_type=\"widget\" data-settings=\"{&quot;step_next_label&quot;:&quot;Siguiente&quot;,&quot;step_previous_label&quot;:&quot;Anterior&quot;,&quot;button_width&quot;:&quot;100&quot;,&quot;step_type&quot;:&quot;number_text&quot;,&quot;step_icon_shape&quot;:&quot;circle&quot;}\" data-widget_type=\"form.default\">\n\t\t\t\t<div class=\"elementor-widget-container\">\n\t\t\t<style>\/*! elementor-pro - v3.11.3 - 26-02-2023 *\/\n.elementor-button.elementor-hidden,.elementor-hidden{display:none}.e-form__step{width:100%}.e-form__step:not(.elementor-hidden){display:flex;flex-wrap:wrap}.e-form__buttons{flex-wrap:wrap}.e-form__buttons,.e-form__buttons__wrapper{display:flex}.e-form__indicators{display:flex;justify-content:space-between;align-items:center;flex-wrap:nowrap;font-size:13px;margin-bottom:var(--e-form-steps-indicators-spacing)}.e-form__indicators__indicator{display:flex;flex-direction:column;align-items:center;justify-content:center;flex-basis:0;padding:0 var(--e-form-steps-divider-gap)}.e-form__indicators__indicator__progress{width:100%;position:relative;background-color:var(--e-form-steps-indicator-progress-background-color);border-radius:var(--e-form-steps-indicator-progress-border-radius);overflow:hidden}.e-form__indicators__indicator__progress__meter{width:var(--e-form-steps-indicator-progress-meter-width,0);height:var(--e-form-steps-indicator-progress-height);line-height:var(--e-form-steps-indicator-progress-height);padding-right:15px;border-radius:var(--e-form-steps-indicator-progress-border-radius);background-color:var(--e-form-steps-indicator-progress-color);color:var(--e-form-steps-indicator-progress-meter-color);text-align:right;transition:width .1s linear}.e-form__indicators__indicator:first-child{padding-left:0}.e-form__indicators__indicator:last-child{padding-right:0}.e-form__indicators__indicator--state-inactive{color:var(--e-form-steps-indicator-inactive-primary-color,#c2cbd2)}.e-form__indicators__indicator--state-inactive [class*=indicator--shape-]:not(.e-form__indicators__indicator--shape-none){background-color:var(--e-form-steps-indicator-inactive-secondary-color,#fff)}.e-form__indicators__indicator--state-inactive object,.e-form__indicators__indicator--state-inactive svg{fill:var(--e-form-steps-indicator-inactive-primary-color,#c2cbd2)}.e-form__indicators__indicator--state-active{color:var(--e-form-steps-indicator-active-primary-color,#39b54a);border-color:var(--e-form-steps-indicator-active-secondary-color,#fff)}.e-form__indicators__indicator--state-active [class*=indicator--shape-]:not(.e-form__indicators__indicator--shape-none){background-color:var(--e-form-steps-indicator-active-secondary-color,#fff)}.e-form__indicators__indicator--state-active object,.e-form__indicators__indicator--state-active svg{fill:var(--e-form-steps-indicator-active-primary-color,#39b54a)}.e-form__indicators__indicator--state-completed{color:var(--e-form-steps-indicator-completed-secondary-color,#fff)}.e-form__indicators__indicator--state-completed [class*=indicator--shape-]:not(.e-form__indicators__indicator--shape-none){background-color:var(--e-form-steps-indicator-completed-primary-color,#39b54a)}.e-form__indicators__indicator--state-completed .e-form__indicators__indicator__label{color:var(--e-form-steps-indicator-completed-primary-color,#39b54a)}.e-form__indicators__indicator--state-completed .e-form__indicators__indicator--shape-none{color:var(--e-form-steps-indicator-completed-primary-color,#39b54a);background-color:initial}.e-form__indicators__indicator--state-completed object,.e-form__indicators__indicator--state-completed svg{fill:var(--e-form-steps-indicator-completed-secondary-color,#fff)}.e-form__indicators__indicator__icon{width:var(--e-form-steps-indicator-padding,30px);height:var(--e-form-steps-indicator-padding,30px);font-size:var(--e-form-steps-indicator-icon-size);border-width:1px;border-style:solid;display:flex;justify-content:center;align-items:center;overflow:hidden;margin-bottom:10px}.e-form__indicators__indicator__icon img,.e-form__indicators__indicator__icon object,.e-form__indicators__indicator__icon svg{width:var(--e-form-steps-indicator-icon-size);height:auto}.e-form__indicators__indicator__icon .e-font-icon-svg{height:1em}.e-form__indicators__indicator__number{width:var(--e-form-steps-indicator-padding,30px);height:var(--e-form-steps-indicator-padding,30px);border-width:1px;border-style:solid;display:flex;justify-content:center;align-items:center;margin-bottom:10px}.e-form__indicators__indicator--shape-circle{border-radius:50%}.e-form__indicators__indicator--shape-square{border-radius:0}.e-form__indicators__indicator--shape-rounded{border-radius:5px}.e-form__indicators__indicator--shape-none{border:0}.e-form__indicators__indicator__label{text-align:center}.e-form__indicators__indicator__separator{width:100%;height:var(--e-form-steps-divider-width);background-color:#c2cbd2}.e-form__indicators--type-icon,.e-form__indicators--type-icon_text,.e-form__indicators--type-number,.e-form__indicators--type-number_text{align-items:flex-start}.e-form__indicators--type-icon .e-form__indicators__indicator__separator,.e-form__indicators--type-icon_text .e-form__indicators__indicator__separator,.e-form__indicators--type-number .e-form__indicators__indicator__separator,.e-form__indicators--type-number_text .e-form__indicators__indicator__separator{margin-top:calc(var(--e-form-steps-indicator-padding, 30px) \/ 2 - var(--e-form-steps-divider-width, 1px) \/ 2)}.elementor-field-type-hidden{display:none}.elementor-field-type-html{display:inline-block}.elementor-login .elementor-lost-password,.elementor-login .elementor-remember-me{font-size:.85em}.elementor-field-type-recaptcha_v3 .elementor-field-label{display:none}.elementor-field-type-recaptcha_v3 .grecaptcha-badge{z-index:1}.elementor-button .elementor-form-spinner{order:3}.elementor-form .elementor-button>span{display:flex;justify-content:center;align-items:center}.elementor-form .elementor-button .elementor-button-text{white-space:normal;flex-grow:0}.elementor-form .elementor-button svg{height:auto}.elementor-form .elementor-button .e-font-icon-svg{height:1em}.elementor-select-wrapper .select-caret-down-wrapper{position:absolute;top:50%;transform:translateY(-50%);inset-inline-end:10px;pointer-events:none;font-size:11px}.elementor-select-wrapper .select-caret-down-wrapper svg{display:unset;width:1em;aspect-ratio:unset;fill:currentColor}.elementor-select-wrapper .select-caret-down-wrapper i{font-size:19px;line-height:2}.elementor-select-wrapper.remove-before:before{content:\"\"!important}<\/style>\t\t<form class=\"elementor-form\" method=\"post\" name=\"Nuevo formulario\" action=\"\">\n\t\t\t<input type=\"hidden\" name=\"post_id\" value=\"17894\"\/>\n\t\t\t<input type=\"hidden\" name=\"form_id\" value=\"7f81c3a\"\/>\n\t\t\t<input type=\"hidden\" name=\"referer_title\" value=\"\" \/>\n\n\t\t\t\n\t\t\t<div class=\"elementor-form-fields-wrapper elementor-labels-above\">\n\t\t\t\t\t\t\t\t<div class=\"elementor-field-type-text elementor-field-group elementor-column elementor-field-group-name elementor-col-100\">\n\t\t\t\t\t\t\t\t\t\t\t\t<label for=\"form-field-name\" class=\"elementor-field-label\">\n\t\t\t\t\t\t\t\t- Nombre:\t\t\t\t\t\t\t<\/label>\n\t\t\t\t\t\t\t\t\t\t\t\t\t\t<input size=\"1\" type=\"text\" name=\"form_fields[name]\" id=\"form-field-name\" class=\"elementor-field elementor-size-md  elementor-field-textual\">\n\t\t\t\t\t\t\t\t\t\t\t<\/div>\n\t\t\t\t\t\t\t\t<div class=\"elementor-field-type-email elementor-field-group elementor-column elementor-field-group-email elementor-col-100\">\n\t\t\t\t\t\t\t\t\t\t\t\t<label for=\"form-field-email\" class=\"elementor-field-label\">\n\t\t\t\t\t\t\t\t- Correo electr\u00f3nico:\t\t\t\t\t\t\t<\/label>\n\t\t\t\t\t\t\t\t\t\t\t\t\t\t<input size=\"1\" type=\"email\" name=\"form_fields[email]\" id=\"form-field-email\" class=\"elementor-field elementor-size-md  elementor-field-textual\">\n\t\t\t\t\t\t\t\t\t\t\t<\/div>\n\t\t\t\t\t\t\t\t<div class=\"elementor-field-type-textarea elementor-field-group elementor-column elementor-field-group-message elementor-col-100\">\n\t\t\t\t\t\t\t\t\t\t\t\t<label for=\"form-field-message\" class=\"elementor-field-label\">\n\t\t\t\t\t\t\t\t- Mensaje:\t\t\t\t\t\t\t<\/label>\n\t\t\t\t\t\t<textarea class=\"elementor-field-textual elementor-field  elementor-size-md\" name=\"form_fields[message]\" id=\"form-field-message\" rows=\"4\"><\/textarea>\t\t\t\t<\/div>\n\t\t\t\t\t\t\t\t<div class=\"elementor-field-type-checkbox elementor-field-group elementor-column elementor-field-group-field_2ab2d4b elementor-col-100\">\n\t\t\t\t\t<div class=\"elementor-field-subgroup\"><span class=\"elementor-field-option\"><input type=\"checkbox\" value=\"Acepto la pol\u00edtica de privacidad\" id=\"form-field-field_2ab2d4b-0\" name=\"form_fields[field_2ab2d4b]\"> <label for=\"form-field-field_2ab2d4b-0\">Acepto la pol\u00edtica de privacidad<\/label><\/span><\/div>\t\t\t\t<\/div>\n\t\t\t\t\t\t\t\t<div class=\"elementor-field-group elementor-column elementor-field-type-submit elementor-col-100 e-form__buttons\">\n\t\t\t\t\t<button type=\"submit\" class=\"elementor-button elementor-size-sm\">\n\t\t\t\t\t\t<span >\n\t\t\t\t\t\t\t\t\t\t\t\t\t\t\t<span class=\"elementor-button-icon\">\n\t\t\t\t\t\t\t\t\t\t\t\t\t\t\t\t\t\t\t\t\t\t\t\t\t\t<\/span>\n\t\t\t\t\t\t\t\t\t\t\t\t\t\t\t\t\t\t\t\t\t\t<span class=\"elementor-button-text\">Enviar<\/span>\n\t\t\t\t\t\t\t\t\t\t\t\t\t<\/span>\n\t\t\t\t\t<\/button>\n\t\t\t\t<\/div>\n\t\t\t<\/div>\n\t\t<input type=\"hidden\" name=\"trp-form-language\" value=\"it_it\"\/><\/form>\n\t\t\t\t<\/div>\n\t\t\t\t<\/div>\n\t\t\t\t\t<\/div>\n\t\t<\/div>\n\t\t\t\t\t<\/div>\n\t\t<\/section>\n\t\t\t\t<section class=\"elementor-section elementor-top-section elementor-element elementor-element-0a96b0d elementor-section-boxed elementor-section-height-default elementor-section-height-default\" data-id=\"0a96b0d\" data-element_type=\"section\">\n\t\t\t\t\t\t<div class=\"elementor-container elementor-column-gap-default\">\n\t\t\t\t\t<div class=\"elementor-column elementor-col-50 elementor-top-column elementor-element elementor-element-5073a9c\" data-id=\"5073a9c\" data-element_type=\"column\">\n\t\t\t<div class=\"elementor-widget-wrap elementor-element-populated\">\n\t\t\t\t\t\t<div class=\"elementor-element elementor-element-86d75b0 elementor-widget elementor-widget-heading\" data-id=\"86d75b0\" data-element_type=\"widget\" data-widget_type=\"heading.default\">\n\t\t\t\t<div class=\"elementor-widget-container\">\n\t\t\t<h2 class=\"elementor-heading-title elementor-size-default\">\u00a1Bienvenido a nuestra p\u00e1gina de contacto!<\/h2>\t\t<\/div>\n\t\t\t\t<\/div>\n\t\t\t\t<div class=\"elementor-element elementor-element-d70fcca elementor-widget elementor-widget-text-editor\" data-id=\"d70fcca\" data-element_type=\"widget\" data-widget_type=\"text-editor.default\">\n\t\t\t\t<div class=\"elementor-widget-container\">\n\t\t\t\t\t\t\t<p>En Motos Minorca, nos comprometemos a brindarte la mejor experiencia posible y estamos aqu\u00ed para ayudarte. Valoramos tu opini\u00f3n, tus preguntas y tus comentarios, y nos esforzamos por ofrecerte un excelente servicio al cliente en todo momento. Por favor, no dudes en ponerte en contacto con nosotros si tienes alguna pregunta, consulta, comentario o sugerencia relacionada. Estamos aqu\u00ed para ayudarte y queremos asegurarnos de que tu experiencia con nosotros en Mah\u00f3n sea lo mejor posible.<\/p><p>Cuando eliges Motos Minorca para alquilar una moto en la hermosa isla de Menorca, no solo obtienes un veh\u00edculo confiable y bien mantenido, sino que tambi\u00e9n recibes el respaldo de un equipo dedicado que se preocupa por tu comodidad y seguridad.<\/p><p>Sabemos que la comunicaci\u00f3n es esencial para garantizar una experiencia positiva, por lo que te invitamos a que te pongas en contacto con nosotros ante cualquier pregunta, inquietud, comentario o sugerencia que puedas tener. Estamos aqu\u00ed para ayudarte y asegurarnos de que tu experiencia con nosotros sea siempre satisfactoria y sin contratiempos.<\/p><p>Dispones de varias formas de comunicarte con nosotros, dise\u00f1adas para brindarte la m\u00e1xima comodidad y accesibilidad:<\/p><p><a style=\"color: #333333; font-size: 14px;\" href=\"https:\/\/motosminorca.com\/it_it\/alquilar-moto-menorca-mahon\/\"><strong>Formulario de Contacto<\/strong><\/a>: Completa el formulario de contacto que se encuentra en la parte superior de nuestra p\u00e1gina web con tus datos y tu mensaje, y nos pondremos en contacto contigo lo antes posible para atender tus consultas.<\/p><p><span style=\"color: #000000;\"><a style=\"color: #000000; font-size: 14px;\" href=\"mailto:info@motosminorca.com\" data-wplink-edit=\"true\"><strong><span style=\"color: #333333;\">Correo Electr\u00f3nico<\/span><\/strong><\/a><\/span>: Si prefieres comunicarte por correo electr\u00f3nico, no dudes en escribirnos a info@motosminorca.com . Estaremos atentos a tu mensaje y te responderemos en un plazo de 24 horas h\u00e1biles, brind\u00e1ndote la informaci\u00f3n que necesites de manera clara y concisa para tus consultas relacionadas.<\/p><p><span style=\"color: #000000;\"><a style=\"color: #000000; font-size: 14px;\" href=\"https:\/\/motosminorca.com\/it_it\/alquilar-moto-menorca-mahon\/\"><strong><span style=\"color: #333333;\">Tel\u00e9fono<\/span><\/strong><\/a><\/span>: \u00bfTienes una pregunta urgente o prefieres una comunicaci\u00f3n directa? Estamos aqu\u00ed para ayudarte. No dudes en llamarnos al tel\u00e9fono\u00a0<strong>648 878 856<\/strong>\u00a0 \u00f3 \u00a0<strong>679 314 721<\/strong>. Nuestro equipo de atenci\u00f3n al cliente estar\u00e1 encantado de escucharte y resolver todas tus dudas de forma r\u00e1pida y eficiente.<\/p><p><span style=\"color: #333333;\"><strong><a style=\"color: #333333; font-size: 14px;\" href=\"https:\/\/motosminorca.com\/it_it\/alquilar-moto-menorca-mahon\/\">Visita en Persona:<\/a><\/strong><\/span> Si te encuentras en la zona o prefieres una atenci\u00f3n cara a cara, \u00a1te invitamos a que nos visites en nuestra oficina! Nos ubicamos en Carrer de Bijuteria, 3A Mah\u00f3n, donde estaremos encantados de recibirte y discutir contigo cualquier consulta que tengas sobre nuestros servicios de alquiler de motos. Nuestro equipo estar\u00e1 disponible para proporcionarte toda la informaci\u00f3n que necesites y ayudarte en todo lo que podamos.<\/p><p>Nuestro compromiso con la excelencia se extiende m\u00e1s all\u00e1 de la simple transacci\u00f3n de alquiler en Mah\u00f3n. Nos esforzamos por brindarte una experiencia integral, desde el momento en que realizas tu reserva hasta el momento en que regresas tu moto. Tu satisfacci\u00f3n es nuestra m\u00e1xima prioridad, y estamos aqu\u00ed para hacer que tu experiencia con Motos Minorca en Mah\u00f3n sea inolvidable.<\/p><p>En resumen, en Motos Minorca, estamos comprometidos a brindarte una experiencia de alquiler de motos excepcional en Mah\u00f3n, Menorca. Desde la facilidad de reserva hasta la calidad de nuestros veh\u00edculos y el servicio al cliente, estamos aqu\u00ed para superar tus expectativas y asegurarnos de que disfrutes al m\u00e1ximo de tu tiempo en la isla.<\/p><p>En Motos Minorca, valoramos tu opini\u00f3n y estamos comprometidos a brindarte un excelente servicio al cliente en todo momento. Gracias por elegirnos y por confiar en nosotros para satisfacer tus necesidades.<\/p><p>\u00a1Esperamos poder ayudarte pronto!<\/p><p>Atentamente,<\/p><p>\u00c1rea de soporte de Motos Minorca.<\/p>\t\t\t\t\t\t<\/div>\n\t\t\t\t<\/div>\n\t\t\t\t\t<\/div>\n\t\t<\/div>\n\t\t\t\t<div class=\"elementor-column elementor-col-50 elementor-top-column elementor-element elementor-element-1592cb6\" data-id=\"1592cb6\" data-element_type=\"column\">\n\t\t\t<div class=\"elementor-widget-wrap elementor-element-populated\">\n\t\t\t\t\t\t<div class=\"elementor-element elementor-element-bc92b20 elementor-hidden-tablet elementor-hidden-mobile elementor-widget elementor-widget-image\" data-id=\"bc92b20\" data-element_type=\"widget\" data-widget_type=\"image.default\">\n\t\t\t\t<div class=\"elementor-widget-container\">\n\t\t\t<style>\/*! elementor - v3.19.0 - 07-02-2024 *\/\n.elementor-widget-image{text-align:center}.elementor-widget-image a{display:inline-block}.elementor-widget-image a img[src$=\".svg\"]{width:48px}.elementor-widget-image img{vertical-align:middle;display:inline-block}<\/style>\t\t\t\t\t\t\t\t\t\t<img decoding=\"async\" class=\"lazyload\" src=\"data:image\/gif;base64,R0lGODlhAQABAIAAAAAAAP\/\/\/yH5BAEAAAAALAAAAAABAAEAAAIBRAA7\" data-src=\"https:\/\/motosminorca.com\/wp-content\/uploads\/elementor\/thumbs\/close-up-lifestyle-image-of-young-fashionable-wom-2023-11-27-04-56-12-utc-qjwot5mnb60mla8mpmxget9w3wy483xdfz6ufl7mmw.webp\" title=\"alquilar moto menorca mahon\" alt=\"alquilar moto menorca mahon\" loading=\"lazy\" \/><noscript><img decoding=\"async\" class=\"lazyload\" src=\"https:\/\/motosminorca.com\/wp-content\/uploads\/elementor\/thumbs\/close-up-lifestyle-image-of-young-fashionable-wom-2023-11-27-04-56-12-utc-qjwot5mnb60mla8mpmxget9w3wy483xdfz6ufl7mmw.webp\" title=\"alquilar moto menorca mahon\" alt=\"alquilar moto menorca mahon\" loading=\"lazy\" \/><\/noscript>\t\t\t\t\t\t\t\t\t\t\t\t\t<\/div>\n\t\t\t\t<\/div>\n\t\t\t\t\t<\/div>\n\t\t<\/div>\n\t\t\t\t\t<\/div>\n\t\t<\/section>\n\t\t\t\t<\/div>","protected":false},"excerpt":{"rendered":"<p>Mahon &#8211; Alquila tu moto en Menorca Si tienes m\u00e1s dudas, llam\u00e1nos y te ayudaremos! Alquilar moto menorca MA\u00d3-MAHON Carrer de Bijuteria, 3A \u00a0Ma\u00f3-Mahon, Menorca Tel\u00e9fono de contacto: 648 878 856 \u00a0\u00f3 \u00a0679 314 721 Email: info@motosminorca.com Disponibilidad incidencias: 24h \/ 7 dias. Formulario de contacto \u00a1Bienvenido a nuestra p\u00e1gina de contacto! En Motos Minorca, [&hellip;]<\/p>","protected":false},"author":6,"featured_media":0,"parent":0,"menu_order":0,"comment_status":"closed","ping_status":"closed","template":"","meta":{"footnotes":""},"class_list":["post-17894","page","type-page","status-publish","hentry"],"_links":{"self":[{"href":"https:\/\/motosminorca.com\/it_it\/wp-json\/wp\/v2\/pages\/17894","targetHints":{"allow":["GET"]}}],"collection":[{"href":"https:\/\/motosminorca.com\/it_it\/wp-json\/wp\/v2\/pages"}],"about":[{"href":"https:\/\/motosminorca.com\/it_it\/wp-json\/wp\/v2\/types\/page"}],"author":[{"embeddable":true,"href":"https:\/\/motosminorca.com\/it_it\/wp-json\/wp\/v2\/users\/6"}],"replies":[{"embeddable":true,"href":"https:\/\/motosminorca.com\/it_it\/wp-json\/wp\/v2\/comments?post=17894"}],"version-history":[{"count":388,"href":"https:\/\/motosminorca.com\/it_it\/wp-json\/wp\/v2\/pages\/17894\/revisions"}],"predecessor-version":[{"id":23368,"href":"https:\/\/motosminorca.com\/it_it\/wp-json\/wp\/v2\/pages\/17894\/revisions\/23368"}],"wp:attachment":[{"href":"https:\/\/motosminorca.com\/it_it\/wp-json\/wp\/v2\/media?parent=17894"}],"curies":[{"name":"wp","href":"https:\/\/api.w.org\/{rel}","templated":true}]}}